{"id":9,"date":"2015-03-19T11:41:18","date_gmt":"2015-03-19T11:41:18","guid":{"rendered":"https:\/\/estrellagalicia.es\/beermaster\/?page_id=9"},"modified":"2015-05-28T12:51:22","modified_gmt":"2015-05-28T10:51:22","slug":"participa","status":"publish","type":"page","link":"https:\/\/portal.estrellagalicia.es\/beermaster\/participa\/","title":{"rendered":"Participa"},"content":{"rendered":"<h2>\u00bfEres el mejor tirador de cerveza de tu comunidad? Ven a demostrarlo. Ap\u00fantate y participa.<\/h2>\n","protected":false},"excerpt":{"rendered":"<p>\u00bfEres el mejor tirador de cerveza de tu comunidad? Ven a demostrarlo. Ap\u00fantate y participa.<\/p>\n","protected":false},"author":2,"featured_media":0,"parent":0,"menu_order":0,"comment_status":"closed","ping_status":"closed","template":"template-participa.php","meta":[],"yoast_head":"<!-- This site is optimized with the Yoast SEO plugin v17.2 - https:\/\/yoast.com\/wordpress\/plugins\/seo\/ -->\n<meta name=\"description\" content=\"Inscr\u00edbete y demuestra tus dotes sirviendo cerveza. El campe\u00f3n participar\u00e1 en la final del III Campeonato Nacional de Tiraje de Cerveza Estrella Galicia\" \/>\n<meta name=\"robots\" content=\"index, follow, max-snippet:-1, max-image-preview:large, max-video-preview:-1\" \/>\n<link rel=\"canonical\" href=\"https:\/\/portal.estrellagalicia.es\/beermaster\/participa\/\" \/>\n<meta property=\"og:locale\" content=\"es_ES\" \/>\n<meta property=\"og:type\" content=\"article\" \/>\n<meta property=\"og:title\" content=\"\u00bfEres el mejor tirador de cerveza? \u00a1Inscr\u00edbete y demu\u00e9stralo!\" \/>\n<meta property=\"og:description\" content=\"Inscr\u00edbete y demuestra tus dotes sirviendo cerveza. El campe\u00f3n participar\u00e1 en la final del III Campeonato Nacional de Tiraje de Cerveza Estrella Galicia\" \/>\n<meta property=\"og:url\" content=\"https:\/\/portal.estrellagalicia.es\/beermaster\/participa\/\" \/>\n<meta property=\"og:site_name\" content=\"Beer Master\" \/>\n<meta property=\"article:modified_time\" content=\"2015-05-28T10:51:22+00:00\" \/>\n<meta name=\"twitter:card\" content=\"summary\" \/>\n<script type=\"application\/ld+json\" class=\"yoast-schema-graph\">{\"@context\":\"https:\/\/schema.org\",\"@graph\":[{\"@type\":\"WebSite\",\"@id\":\"https:\/\/portal.estrellagalicia.es\/beermaster\/#website\",\"url\":\"https:\/\/portal.estrellagalicia.es\/beermaster\/\",\"name\":\"Beer Master\",\"description\":\"\",\"potentialAction\":[{\"@type\":\"SearchAction\",\"target\":{\"@type\":\"EntryPoint\",\"urlTemplate\":\"https:\/\/portal.estrellagalicia.es\/beermaster\/?s={search_term_string}\"},\"query-input\":\"required name=search_term_string\"}],\"inLanguage\":\"es\"},{\"@type\":\"WebPage\",\"@id\":\"https:\/\/portal.estrellagalicia.es\/beermaster\/participa\/#webpage\",\"url\":\"https:\/\/portal.estrellagalicia.es\/beermaster\/participa\/\",\"name\":\"\\u00bfEres el mejor tirador de cerveza? \\u00a1Inscr\\u00edbete y demu\\u00e9stralo!\",\"isPartOf\":{\"@id\":\"https:\/\/portal.estrellagalicia.es\/beermaster\/#website\"},\"datePublished\":\"2015-03-19T11:41:18+00:00\",\"dateModified\":\"2015-05-28T10:51:22+00:00\",\"description\":\"Inscr\\u00edbete y demuestra tus dotes sirviendo cerveza. El campe\\u00f3n participar\\u00e1 en la final del III Campeonato Nacional de Tiraje de Cerveza Estrella Galicia\",\"breadcrumb\":{\"@id\":\"https:\/\/portal.estrellagalicia.es\/beermaster\/participa\/#breadcrumb\"},\"inLanguage\":\"es\",\"potentialAction\":[{\"@type\":\"ReadAction\",\"target\":[\"https:\/\/portal.estrellagalicia.es\/beermaster\/participa\/\"]}]},{\"@type\":\"BreadcrumbList\",\"@id\":\"https:\/\/portal.estrellagalicia.es\/beermaster\/participa\/#breadcrumb\",\"itemListElement\":[{\"@type\":\"ListItem\",\"position\":1,\"name\":\"Portada\",\"item\":\"https:\/\/portal.estrellagalicia.es\/beermaster\/\"},{\"@type\":\"ListItem\",\"position\":2,\"name\":\"Participa\"}]}]}<\/script>\n<!-- \/ Yoast SEO plugin. -->","yoast_head_json":{"description":"Inscr\u00edbete y demuestra tus dotes sirviendo cerveza. El campe\u00f3n participar\u00e1 en la final del III Campeonato Nacional de Tiraje de Cerveza Estrella Galicia","robots":{"index":"index","follow":"follow","max-snippet":"max-snippet:-1","max-image-preview":"max-image-preview:large","max-video-preview":"max-video-preview:-1"},"canonical":"https:\/\/portal.estrellagalicia.es\/beermaster\/participa\/","og_locale":"es_ES","og_type":"article","og_title":"\u00bfEres el mejor tirador de cerveza? \u00a1Inscr\u00edbete y demu\u00e9stralo!","og_description":"Inscr\u00edbete y demuestra tus dotes sirviendo cerveza. El campe\u00f3n participar\u00e1 en la final del III Campeonato Nacional de Tiraje de Cerveza Estrella Galicia","og_url":"https:\/\/portal.estrellagalicia.es\/beermaster\/participa\/","og_site_name":"Beer Master","article_modified_time":"2015-05-28T10:51:22+00:00","twitter_card":"summary","schema":{"@context":"https:\/\/schema.org","@graph":[{"@type":"WebSite","@id":"https:\/\/portal.estrellagalicia.es\/beermaster\/#website","url":"https:\/\/portal.estrellagalicia.es\/beermaster\/","name":"Beer Master","description":"","potentialAction":[{"@type":"SearchAction","target":{"@type":"EntryPoint","urlTemplate":"https:\/\/portal.estrellagalicia.es\/beermaster\/?s={search_term_string}"},"query-input":"required name=search_term_string"}],"inLanguage":"es"},{"@type":"WebPage","@id":"https:\/\/portal.estrellagalicia.es\/beermaster\/participa\/#webpage","url":"https:\/\/portal.estrellagalicia.es\/beermaster\/participa\/","name":"\u00bfEres el mejor tirador de cerveza? \u00a1Inscr\u00edbete y demu\u00e9stralo!","isPartOf":{"@id":"https:\/\/portal.estrellagalicia.es\/beermaster\/#website"},"datePublished":"2015-03-19T11:41:18+00:00","dateModified":"2015-05-28T10:51:22+00:00","description":"Inscr\u00edbete y demuestra tus dotes sirviendo cerveza. El campe\u00f3n participar\u00e1 en la final del III Campeonato Nacional de Tiraje de Cerveza Estrella Galicia","breadcrumb":{"@id":"https:\/\/portal.estrellagalicia.es\/beermaster\/participa\/#breadcrumb"},"inLanguage":"es","potentialAction":[{"@type":"ReadAction","target":["https:\/\/portal.estrellagalicia.es\/beermaster\/participa\/"]}]},{"@type":"BreadcrumbList","@id":"https:\/\/portal.estrellagalicia.es\/beermaster\/participa\/#breadcrumb","itemListElement":[{"@type":"ListItem","position":1,"name":"Portada","item":"https:\/\/portal.estrellagalicia.es\/beermaster\/"},{"@type":"ListItem","position":2,"name":"Participa"}]}]}},"_links":{"self":[{"href":"https:\/\/portal.estrellagalicia.es\/beermaster\/wp-json\/wp\/v2\/pages\/9"}],"collection":[{"href":"https:\/\/portal.estrellagalicia.es\/beermaster\/wp-json\/wp\/v2\/pages"}],"about":[{"href":"https:\/\/portal.estrellagalicia.es\/beermaster\/wp-json\/wp\/v2\/types\/page"}],"author":[{"embeddable":true,"href":"https:\/\/portal.estrellagalicia.es\/beermaster\/wp-json\/wp\/v2\/users\/2"}],"replies":[{"embeddable":true,"href":"https:\/\/portal.estrellagalicia.es\/beermaster\/wp-json\/wp\/v2\/comments?post=9"}],"version-history":[{"count":14,"href":"https:\/\/portal.estrellagalicia.es\/beermaster\/wp-json\/wp\/v2\/pages\/9\/revisions"}],"predecessor-version":[{"id":597,"href":"https:\/\/portal.estrellagalicia.es\/beermaster\/wp-json\/wp\/v2\/pages\/9\/revisions\/597"}],"wp:attachment":[{"href":"https:\/\/portal.estrellagalicia.es\/beermaster\/wp-json\/wp\/v2\/media?parent=9"}],"curies":[{"name":"wp","href":"https:\/\/api.w.org\/{rel}","templated":true}]}}