{"id":7,"date":"2015-03-19T11:41:01","date_gmt":"2015-03-19T11:41:01","guid":{"rendered":"https:\/\/estrellagalicia.es\/beermaster\/?page_id=7"},"modified":"2017-08-23T13:00:20","modified_gmt":"2017-08-23T11:00:20","slug":"beer-master","status":"publish","type":"page","link":"https:\/\/portal.estrellagalicia.es\/beermaster\/beer-master\/","title":{"rendered":"Beer Master Sessions"},"content":{"rendered":"<h2><span style=\"color: #ff0000;\">\u00bfQu\u00e9 es Beer Master Sessions?<\/span><\/h2>\n<p><img loading=\"lazy\" width=\"300\" height=\"238\" class=\" wp-image-534 alignright\" src=\"https:\/\/estrellagalicia.es\/beermaster\/wp-content\/uploads\/2015\/03\/beer_master-300x238.png\" alt=\"beer_master\" srcset=\"https:\/\/portal.estrellagalicia.es\/beermaster\/wp-content\/uploads\/2015\/03\/beer_master-300x238.png 300w, https:\/\/portal.estrellagalicia.es\/beermaster\/wp-content\/uploads\/2015\/03\/beer_master.png 376w\" sizes=\"(max-width: 300px) 100vw, 300px\" \/><em><strong>Beer Master Sessions<\/strong><\/em> nace con\u00a0 el objetivo de promover la cultura de cerveza\u00a0y reconocer la labor de los hosteleros como un eslab\u00f3n fundamental en la cadena de distribuci\u00f3n de los <a href=\"http:\/\/portal.estrellagalicia.es\/es\/productos\" target=\"_blank\" rel=\"noopener noreferrer\">productos de Estrella Galicia<\/a>.<\/p>\n<p>Para\u00a0 reconocer\u00a0el \u00a0trabajo\u00a0de los hosteleros\u00a0hemos creado el <strong>Campeonato Nacional de Tiraje de Cerveza Estrella Galicia.<\/strong> \u00a0En estos cert\u00e1menes celebrados por comunidades aut\u00f3nomas,\u00a0 animamos a participar\u00a0 a los hosteleros a mostrar su destreza ante un jurado formado por expertos en tiraje, hosteler\u00eda\u00a0y gastronom\u00eda, valor\u00e1ndose la calidad, eficacia y rapidez en el servicio, as\u00ed como\u00a0los \u00a0conocimientos en las caracter\u00edsticas de las cervezas dispensadas. Cada certamen re\u00fane a un grupo de 30\u00a0participantes que miden sus habilidades y conocimientos en\u00a0 cultura cervecera.\u00a0Los cert\u00e1menes son\u00a0clasificatorios para la final nacional de cada edici\u00f3n, donde campeones y subcampeones de cada comunidad compiten entre s\u00ed para hacerse con el t\u00edtulo nacional.<\/p>\n<p>&nbsp;<\/p>\n<p><iframe loading=\"lazy\" width=\"750\" height=\"422\" src=\"https:\/\/www.youtube.com\/embed\/LUXn0o7PO2w?feature=oembed\" frameborder=\"0\" allowfullscreen><\/iframe><\/p>\n<h4 style=\"text-align: center;\"><\/h4>\n<h4 style=\"text-align: center;\"><\/h4>\n<h4><strong>\u00a0\u00bfQuieres ser el pr\u00f3ximo camp\u00e9on de tiraje de cerveza Estrella Galicia?<\/strong>\u00a0\u00a0<a class=\"btn btn-rojo\" href=\"https:\/\/estrellagalicia.es\/beermaster\/eventos\/\">Ver eventos<\/a><\/h4>\n<p>&nbsp;<\/p>\n<h4><span style=\"color: #ff0000;\"><strong>Premios en met\u00e1lico, tu peso en cerveza y el reconocimiento del sector\u00a0<\/strong><\/span><\/h4>\n<p>En cada certamen celebrado por comunidad aut\u00f3noma, \u00a0el jurado elige a <strong>un campe\u00f3n,\u00a0<\/strong>un subcampe\u00f3n y tres acc\u00e9sit.\u00a0Los cinco finalistas\u00a0recibir\u00e1n un premio de su peso en cerveza. La dotaci\u00f3n econ\u00f3mica para el campe\u00f3n ser\u00e1 de 600 euros y para el subcampe\u00f3n de 400 euros. Se entregar\u00e1n tambi\u00e9n tres acc\u00e9sit de 150 euros.<\/p>\n<p>Todos los finalistas recibir\u00e1n un diploma acreditativo con su clasificaci\u00f3n, reserv\u00e1ndose para el campe\u00f3n y el subcampe\u00f3n la clasificaci\u00f3n directa para participar en la FINAL del <strong>IV\u00a0Campeonato de Espa\u00f1a de Tiraje<\/strong>.<\/p>\n<p>&nbsp;<\/p>\n<p><a href=\"https:\/\/estrellagalicia.es\/beermaster\/wp-content\/uploads\/2015\/03\/BeerMaster-Galicia-Final-Coruna_881.jpg\" rel=\"lightbox-0\"><img loading=\"lazy\" class=\" alignleft wp-image-630\" src=\"https:\/\/estrellagalicia.es\/beermaster\/wp-content\/uploads\/2015\/03\/BeerMaster-Galicia-Final-Coruna_881-300x200.jpg\" alt=\"BeerMaster Galicia Final Coruna_88\" width=\"500\" height=\"333\" srcset=\"https:\/\/portal.estrellagalicia.es\/beermaster\/wp-content\/uploads\/2015\/03\/BeerMaster-Galicia-Final-Coruna_881-300x200.jpg 300w, https:\/\/portal.estrellagalicia.es\/beermaster\/wp-content\/uploads\/2015\/03\/BeerMaster-Galicia-Final-Coruna_881-1024x683.jpg 1024w, https:\/\/portal.estrellagalicia.es\/beermaster\/wp-content\/uploads\/2015\/03\/BeerMaster-Galicia-Final-Coruna_881-400x267.jpg 400w\" sizes=\"(max-width: 500px) 100vw, 500px\" \/><\/a><\/p>\n<p><a href=\"https:\/\/estrellagalicia.es\/beermaster\/wp-content\/uploads\/2015\/03\/BMSLeon-101.jpg\" rel=\"lightbox-1\"><img loading=\"lazy\" class=\"alignnone wp-image-449\" src=\"https:\/\/estrellagalicia.es\/beermaster\/wp-content\/uploads\/2015\/03\/BMSLeon-101-300x199.jpg\" alt=\"BMSLe\u00f3n (10)\" width=\"500\" height=\"332\" srcset=\"https:\/\/portal.estrellagalicia.es\/beermaster\/wp-content\/uploads\/2015\/03\/BMSLeon-101-300x199.jpg 300w, https:\/\/portal.estrellagalicia.es\/beermaster\/wp-content\/uploads\/2015\/03\/BMSLeon-101-1024x680.jpg 1024w, https:\/\/portal.estrellagalicia.es\/beermaster\/wp-content\/uploads\/2015\/03\/BMSLeon-101-400x266.jpg 400w\" sizes=\"(max-width: 500px) 100vw, 500px\" \/><\/a>\u00a0 \u00a0 \u00a0 \u00a0 \u00a0\u00a0<a href=\"https:\/\/estrellagalicia.es\/beermaster\/wp-content\/uploads\/2015\/03\/BeerMaster-Galicia-Final-Coruna_881.jpg\" rel=\"lightbox-0\"><br \/>\n<\/a><\/p>\n<p>&nbsp;<\/p>\n","protected":false},"excerpt":{"rendered":"<p>\u00bfQu\u00e9 es Beer Master Sessions? Beer Master Sessions nace con\u00a0 el objetivo de promover la cultura de cerveza\u00a0y reconocer la labor de los hosteleros como un eslab\u00f3n fundamental en la cadena de distribuci\u00f3n de los productos de Estrella Galicia. Para\u00a0 reconocer\u00a0el \u00a0trabajo\u00a0de los hosteleros\u00a0hemos creado el Campeonato Nacional de Tiraje de Cerveza Estrella Galicia. \u00a0En [&hellip;]<\/p>\n","protected":false},"author":2,"featured_media":0,"parent":0,"menu_order":0,"comment_status":"closed","ping_status":"closed","template":"","meta":[],"yoast_head":"<!-- This site is optimized with the Yoast SEO plugin v17.2 - https:\/\/yoast.com\/wordpress\/plugins\/seo\/ -->\n<meta name=\"description\" content=\"Certamen de Tiraje de Cerveza que nace con el objetivo de promover la cultura de cerveza y reconocer la labor de los hosteleros.\" \/>\n<meta name=\"robots\" content=\"index, follow, max-snippet:-1, max-image-preview:large, max-video-preview:-1\" \/>\n<link rel=\"canonical\" href=\"https:\/\/portal.estrellagalicia.es\/beermaster\/beer-master\/\" \/>\n<meta property=\"og:locale\" content=\"es_ES\" \/>\n<meta property=\"og:type\" content=\"article\" \/>\n<meta property=\"og:title\" content=\"Campeonato de tiraje de Cerveza Estrella Galicia | Beer Master Sessions\" \/>\n<meta property=\"og:description\" content=\"Certamen de Tiraje de Cerveza que nace con el objetivo de promover la cultura de cerveza y reconocer la labor de los hosteleros.\" \/>\n<meta property=\"og:url\" content=\"https:\/\/portal.estrellagalicia.es\/beermaster\/beer-master\/\" \/>\n<meta property=\"og:site_name\" content=\"Beer Master\" \/>\n<meta property=\"article:modified_time\" content=\"2017-08-23T11:00:20+00:00\" \/>\n<meta property=\"og:image\" content=\"https:\/\/estrellagalicia.es\/beermaster\/wp-content\/uploads\/2015\/03\/beer_master-300x238.png\" \/>\n<meta name=\"twitter:card\" content=\"summary\" \/>\n<meta name=\"twitter:label1\" content=\"Tiempo de lectura\" \/>\n\t<meta name=\"twitter:data1\" content=\"2 minutos\" \/>\n<script type=\"application\/ld+json\" class=\"yoast-schema-graph\">{\"@context\":\"https:\/\/schema.org\",\"@graph\":[{\"@type\":\"WebSite\",\"@id\":\"https:\/\/portal.estrellagalicia.es\/beermaster\/#website\",\"url\":\"https:\/\/portal.estrellagalicia.es\/beermaster\/\",\"name\":\"Beer Master\",\"description\":\"\",\"potentialAction\":[{\"@type\":\"SearchAction\",\"target\":{\"@type\":\"EntryPoint\",\"urlTemplate\":\"https:\/\/portal.estrellagalicia.es\/beermaster\/?s={search_term_string}\"},\"query-input\":\"required name=search_term_string\"}],\"inLanguage\":\"es\"},{\"@type\":\"ImageObject\",\"@id\":\"https:\/\/portal.estrellagalicia.es\/beermaster\/beer-master\/#primaryimage\",\"inLanguage\":\"es\",\"url\":\"https:\/\/estrellagalicia.es\/beermaster\/wp-content\/uploads\/2015\/03\/beer_master-300x238.png\",\"contentUrl\":\"https:\/\/estrellagalicia.es\/beermaster\/wp-content\/uploads\/2015\/03\/beer_master-300x238.png\"},{\"@type\":\"WebPage\",\"@id\":\"https:\/\/portal.estrellagalicia.es\/beermaster\/beer-master\/#webpage\",\"url\":\"https:\/\/portal.estrellagalicia.es\/beermaster\/beer-master\/\",\"name\":\"Campeonato de tiraje de Cerveza Estrella Galicia | Beer Master Sessions\",\"isPartOf\":{\"@id\":\"https:\/\/portal.estrellagalicia.es\/beermaster\/#website\"},\"primaryImageOfPage\":{\"@id\":\"https:\/\/portal.estrellagalicia.es\/beermaster\/beer-master\/#primaryimage\"},\"datePublished\":\"2015-03-19T11:41:01+00:00\",\"dateModified\":\"2017-08-23T11:00:20+00:00\",\"description\":\"Certamen de Tiraje de Cerveza que nace con el objetivo de promover la cultura de cerveza y reconocer la labor de los hosteleros.\",\"breadcrumb\":{\"@id\":\"https:\/\/portal.estrellagalicia.es\/beermaster\/beer-master\/#breadcrumb\"},\"inLanguage\":\"es\",\"potentialAction\":[{\"@type\":\"ReadAction\",\"target\":[\"https:\/\/portal.estrellagalicia.es\/beermaster\/beer-master\/\"]}]},{\"@type\":\"BreadcrumbList\",\"@id\":\"https:\/\/portal.estrellagalicia.es\/beermaster\/beer-master\/#breadcrumb\",\"itemListElement\":[{\"@type\":\"ListItem\",\"position\":1,\"name\":\"Portada\",\"item\":\"https:\/\/portal.estrellagalicia.es\/beermaster\/\"},{\"@type\":\"ListItem\",\"position\":2,\"name\":\"Beer Master Sessions\"}]}]}<\/script>\n<!-- \/ Yoast SEO plugin. -->","yoast_head_json":{"description":"Certamen de Tiraje de Cerveza que nace con el objetivo de promover la cultura de cerveza y reconocer la labor de los hosteleros.","robots":{"index":"index","follow":"follow","max-snippet":"max-snippet:-1","max-image-preview":"max-image-preview:large","max-video-preview":"max-video-preview:-1"},"canonical":"https:\/\/portal.estrellagalicia.es\/beermaster\/beer-master\/","og_locale":"es_ES","og_type":"article","og_title":"Campeonato de tiraje de Cerveza Estrella Galicia | Beer Master Sessions","og_description":"Certamen de Tiraje de Cerveza que nace con el objetivo de promover la cultura de cerveza y reconocer la labor de los hosteleros.","og_url":"https:\/\/portal.estrellagalicia.es\/beermaster\/beer-master\/","og_site_name":"Beer Master","article_modified_time":"2017-08-23T11:00:20+00:00","og_image":[{"url":"https:\/\/estrellagalicia.es\/beermaster\/wp-content\/uploads\/2015\/03\/beer_master-300x238.png"}],"twitter_card":"summary","twitter_misc":{"Tiempo de lectura":"2 minutos"},"schema":{"@context":"https:\/\/schema.org","@graph":[{"@type":"WebSite","@id":"https:\/\/portal.estrellagalicia.es\/beermaster\/#website","url":"https:\/\/portal.estrellagalicia.es\/beermaster\/","name":"Beer Master","description":"","potentialAction":[{"@type":"SearchAction","target":{"@type":"EntryPoint","urlTemplate":"https:\/\/portal.estrellagalicia.es\/beermaster\/?s={search_term_string}"},"query-input":"required name=search_term_string"}],"inLanguage":"es"},{"@type":"ImageObject","@id":"https:\/\/portal.estrellagalicia.es\/beermaster\/beer-master\/#primaryimage","inLanguage":"es","url":"https:\/\/estrellagalicia.es\/beermaster\/wp-content\/uploads\/2015\/03\/beer_master-300x238.png","contentUrl":"https:\/\/estrellagalicia.es\/beermaster\/wp-content\/uploads\/2015\/03\/beer_master-300x238.png"},{"@type":"WebPage","@id":"https:\/\/portal.estrellagalicia.es\/beermaster\/beer-master\/#webpage","url":"https:\/\/portal.estrellagalicia.es\/beermaster\/beer-master\/","name":"Campeonato de tiraje de Cerveza Estrella Galicia | Beer Master Sessions","isPartOf":{"@id":"https:\/\/portal.estrellagalicia.es\/beermaster\/#website"},"primaryImageOfPage":{"@id":"https:\/\/portal.estrellagalicia.es\/beermaster\/beer-master\/#primaryimage"},"datePublished":"2015-03-19T11:41:01+00:00","dateModified":"2017-08-23T11:00:20+00:00","description":"Certamen de Tiraje de Cerveza que nace con el objetivo de promover la cultura de cerveza y reconocer la labor de los hosteleros.","breadcrumb":{"@id":"https:\/\/portal.estrellagalicia.es\/beermaster\/beer-master\/#breadcrumb"},"inLanguage":"es","potentialAction":[{"@type":"ReadAction","target":["https:\/\/portal.estrellagalicia.es\/beermaster\/beer-master\/"]}]},{"@type":"BreadcrumbList","@id":"https:\/\/portal.estrellagalicia.es\/beermaster\/beer-master\/#breadcrumb","itemListElement":[{"@type":"ListItem","position":1,"name":"Portada","item":"https:\/\/portal.estrellagalicia.es\/beermaster\/"},{"@type":"ListItem","position":2,"name":"Beer Master Sessions"}]}]}},"_links":{"self":[{"href":"https:\/\/portal.estrellagalicia.es\/beermaster\/wp-json\/wp\/v2\/pages\/7"}],"collection":[{"href":"https:\/\/portal.estrellagalicia.es\/beermaster\/wp-json\/wp\/v2\/pages"}],"about":[{"href":"https:\/\/portal.estrellagalicia.es\/beermaster\/wp-json\/wp\/v2\/types\/page"}],"author":[{"embeddable":true,"href":"https:\/\/portal.estrellagalicia.es\/beermaster\/wp-json\/wp\/v2\/users\/2"}],"replies":[{"embeddable":true,"href":"https:\/\/portal.estrellagalicia.es\/beermaster\/wp-json\/wp\/v2\/comments?post=7"}],"version-history":[{"count":97,"href":"https:\/\/portal.estrellagalicia.es\/beermaster\/wp-json\/wp\/v2\/pages\/7\/revisions"}],"predecessor-version":[{"id":1799,"href":"https:\/\/portal.estrellagalicia.es\/beermaster\/wp-json\/wp\/v2\/pages\/7\/revisions\/1799"}],"wp:attachment":[{"href":"https:\/\/portal.estrellagalicia.es\/beermaster\/wp-json\/wp\/v2\/media?parent=7"}],"curies":[{"name":"wp","href":"https:\/\/api.w.org\/{rel}","templated":true}]}}