{"id":52,"date":"2015-03-19T15:15:18","date_gmt":"2015-03-19T14:15:18","guid":{"rendered":"https:\/\/estrellagalicia.es\/beermaster\/?page_id=52"},"modified":"2015-05-28T13:50:05","modified_gmt":"2015-05-28T11:50:05","slug":"accesibilidad","status":"publish","type":"page","link":"https:\/\/portal.estrellagalicia.es\/beermaster\/accesibilidad\/","title":{"rendered":"Accesibilidad"},"content":{"rendered":"<p>\u201cHijos de Rivera S.A.U.\u201d procura que la presentaci\u00f3n de todos los contenidos y funcionalidades esenciales de la web sean independientes de los dispositivos f\u00edsicos y de los navegadores web empleados para tal fin, codificados con est\u00e1ndares t\u00e9cnicos de uso libre y gratuito, y accesibles para navegadores adaptados a personas con defectos o limitaciones sensoriales, motoras o cognitivas.<\/p>\n<p>El contenido est\u00e1 en formato XHTML \u2013 un lenguaje de composici\u00f3n de hipertexto, est\u00e1ndar abierto desarrollado y recomendado por el W3C, el Consorcio de la Web.<\/p>\n<p>Los elementos que constituyen el contenido (im\u00e1genes, texto, estructuras, enlaces) est\u00e1n escritos de manera acuerde al nivel de prioridad La de las Directrices de Accesibilidad para Contenido Web del W3C.<\/p>\n<p>Se emplean hojas de estilo (CSS, otro est\u00e1ndar del W3C) para asignar los formatos de presentaci\u00f3n y para distribuir en las p\u00e1ginas los contenidos y los enlaces.<\/p>\n<p>Se recomienda emplear las versiones m\u00e1s recientes de navegadores tales como Mozilla Firefox, Google Chrome, Opera, Konqueror, Internet Explorer, Safari, etc.<\/p>\n<p>La Uni\u00f3n Europea, en la resoluci\u00f3n del Consejo de 25 de marzo de 2002, anima a los Estados miembros a tener en cuenta a necesidad de que los contenidos digitales sean accesibles y, siguiendo esta recomendaci\u00f3n, la Ley 34\/2002, de 11 de julio, de servicios de la sociedad de la informaci\u00f3n y de comercio electr\u00f3nico, dispone que las Administraciones P\u00fablicas adoptar\u00e1n las medidas necesarias para que la informaci\u00f3n disponible en sus p\u00e1ginas de Internet sea accesible a personas con discapacidad y de edad avanzada, de acuerdo con los criterios de accesibilidad al contenido generalmente reconocidos, antes del 31 de diciembre de 2005.<\/p>\n<p>En coherencia con este objetivo, el dise\u00f1o de la web de \u201cHijos de Rivera S.A.U.\u201d se ha realizado habida cuenta las recomendaciones de accesibilidad para el primer nivel de prioridad de las directrices WAI (Web Accessibility Initiative) del W3C.<\/p>\n<p>Referencias sobre accesibilidad<\/p>\n<p>Si desea conocer m\u00e1s acerca del contenido web accesible le recomendamos los siguientes enlaces:<\/p>\n<ul>\n<li><a href=\"http:\/\/www.w3.org\/TR\/WCAG10\/http:\/\/\" target=\"_blank\">Recomendaciones de accesibilidades del Consorcio de la Web \u2013 W3C<\/a>\u00a0\u00a0que explica las razones de cada recomendaci\u00f3n.<\/li>\n<li><a href=\"http:\/\/www.w3.org\/TR\/WCAG10-TECHS\/\" target=\"_blank\">T\u00e9cnicas de accesibilidad del Consorcio de la Web \u2013 W3C<\/a>\u00a0que explica c\u00f3mo implementar cada recomendaci\u00f3n.<\/li>\n<li><a href=\"http:\/\/www.w3.org\/WAI\/\" target=\"_blank\">Iniciativa de accesibilidad del Consorcio de la Web \u2013 W3C<\/a><\/li>\n<\/ul>\n","protected":false},"excerpt":{"rendered":"<p>\u201cHijos de Rivera S.A.U.\u201d procura que la presentaci\u00f3n de todos los contenidos y funcionalidades esenciales de la web sean independientes de los dispositivos f\u00edsicos y de los navegadores web empleados para tal fin, codificados con est\u00e1ndares t\u00e9cnicos de uso libre y gratuito, y accesibles para navegadores adaptados a personas con defectos o limitaciones sensoriales, motoras [&hellip;]<\/p>\n","protected":false},"author":2,"featured_media":0,"parent":0,"menu_order":0,"comment_status":"closed","ping_status":"closed","template":"","meta":[],"yoast_head":"<!-- This site is optimized with the Yoast SEO plugin v17.2 - https:\/\/yoast.com\/wordpress\/plugins\/seo\/ -->\n<meta name=\"description\" content=\"&quot;Hijos de Rivera S.A.U.&quot; procura que todos los contenidos de la web sean independientes de los dispositivos y de los navegadores web empleados para tal fin\" \/>\n<meta name=\"robots\" content=\"index, follow, max-snippet:-1, max-image-preview:large, max-video-preview:-1\" \/>\n<link rel=\"canonical\" href=\"https:\/\/portal.estrellagalicia.es\/beermaster\/accesibilidad\/\" \/>\n<meta property=\"og:locale\" content=\"es_ES\" \/>\n<meta property=\"og:type\" content=\"article\" \/>\n<meta property=\"og:title\" content=\"Contenidos web accesibles\" \/>\n<meta property=\"og:description\" content=\"&quot;Hijos de Rivera S.A.U.&quot; procura que todos los contenidos de la web sean independientes de los dispositivos y de los navegadores web empleados para tal fin\" \/>\n<meta property=\"og:url\" content=\"https:\/\/portal.estrellagalicia.es\/beermaster\/accesibilidad\/\" \/>\n<meta property=\"og:site_name\" content=\"Beer Master\" \/>\n<meta property=\"article:modified_time\" content=\"2015-05-28T11:50:05+00:00\" \/>\n<meta name=\"twitter:card\" content=\"summary\" \/>\n<meta name=\"twitter:label1\" content=\"Tiempo de lectura\" \/>\n\t<meta name=\"twitter:data1\" content=\"2 minutos\" \/>\n<script type=\"application\/ld+json\" class=\"yoast-schema-graph\">{\"@context\":\"https:\/\/schema.org\",\"@graph\":[{\"@type\":\"WebSite\",\"@id\":\"https:\/\/portal.estrellagalicia.es\/beermaster\/#website\",\"url\":\"https:\/\/portal.estrellagalicia.es\/beermaster\/\",\"name\":\"Beer Master\",\"description\":\"\",\"potentialAction\":[{\"@type\":\"SearchAction\",\"target\":{\"@type\":\"EntryPoint\",\"urlTemplate\":\"https:\/\/portal.estrellagalicia.es\/beermaster\/?s={search_term_string}\"},\"query-input\":\"required name=search_term_string\"}],\"inLanguage\":\"es\"},{\"@type\":\"WebPage\",\"@id\":\"https:\/\/portal.estrellagalicia.es\/beermaster\/accesibilidad\/#webpage\",\"url\":\"https:\/\/portal.estrellagalicia.es\/beermaster\/accesibilidad\/\",\"name\":\"Contenidos web accesibles\",\"isPartOf\":{\"@id\":\"https:\/\/portal.estrellagalicia.es\/beermaster\/#website\"},\"datePublished\":\"2015-03-19T14:15:18+00:00\",\"dateModified\":\"2015-05-28T11:50:05+00:00\",\"description\":\"\\\"Hijos de Rivera S.A.U.\\\" procura que todos los contenidos de la web sean independientes de los dispositivos y de los navegadores web empleados para tal fin\",\"breadcrumb\":{\"@id\":\"https:\/\/portal.estrellagalicia.es\/beermaster\/accesibilidad\/#breadcrumb\"},\"inLanguage\":\"es\",\"potentialAction\":[{\"@type\":\"ReadAction\",\"target\":[\"https:\/\/portal.estrellagalicia.es\/beermaster\/accesibilidad\/\"]}]},{\"@type\":\"BreadcrumbList\",\"@id\":\"https:\/\/portal.estrellagalicia.es\/beermaster\/accesibilidad\/#breadcrumb\",\"itemListElement\":[{\"@type\":\"ListItem\",\"position\":1,\"name\":\"Portada\",\"item\":\"https:\/\/portal.estrellagalicia.es\/beermaster\/\"},{\"@type\":\"ListItem\",\"position\":2,\"name\":\"Accesibilidad\"}]}]}<\/script>\n<!-- \/ Yoast SEO plugin. -->","yoast_head_json":{"description":"\"Hijos de Rivera S.A.U.\" procura que todos los contenidos de la web sean independientes de los dispositivos y de los navegadores web empleados para tal fin","robots":{"index":"index","follow":"follow","max-snippet":"max-snippet:-1","max-image-preview":"max-image-preview:large","max-video-preview":"max-video-preview:-1"},"canonical":"https:\/\/portal.estrellagalicia.es\/beermaster\/accesibilidad\/","og_locale":"es_ES","og_type":"article","og_title":"Contenidos web accesibles","og_description":"\"Hijos de Rivera S.A.U.\" procura que todos los contenidos de la web sean independientes de los dispositivos y de los navegadores web empleados para tal fin","og_url":"https:\/\/portal.estrellagalicia.es\/beermaster\/accesibilidad\/","og_site_name":"Beer Master","article_modified_time":"2015-05-28T11:50:05+00:00","twitter_card":"summary","twitter_misc":{"Tiempo de lectura":"2 minutos"},"schema":{"@context":"https:\/\/schema.org","@graph":[{"@type":"WebSite","@id":"https:\/\/portal.estrellagalicia.es\/beermaster\/#website","url":"https:\/\/portal.estrellagalicia.es\/beermaster\/","name":"Beer Master","description":"","potentialAction":[{"@type":"SearchAction","target":{"@type":"EntryPoint","urlTemplate":"https:\/\/portal.estrellagalicia.es\/beermaster\/?s={search_term_string}"},"query-input":"required name=search_term_string"}],"inLanguage":"es"},{"@type":"WebPage","@id":"https:\/\/portal.estrellagalicia.es\/beermaster\/accesibilidad\/#webpage","url":"https:\/\/portal.estrellagalicia.es\/beermaster\/accesibilidad\/","name":"Contenidos web accesibles","isPartOf":{"@id":"https:\/\/portal.estrellagalicia.es\/beermaster\/#website"},"datePublished":"2015-03-19T14:15:18+00:00","dateModified":"2015-05-28T11:50:05+00:00","description":"\"Hijos de Rivera S.A.U.\" procura que todos los contenidos de la web sean independientes de los dispositivos y de los navegadores web empleados para tal fin","breadcrumb":{"@id":"https:\/\/portal.estrellagalicia.es\/beermaster\/accesibilidad\/#breadcrumb"},"inLanguage":"es","potentialAction":[{"@type":"ReadAction","target":["https:\/\/portal.estrellagalicia.es\/beermaster\/accesibilidad\/"]}]},{"@type":"BreadcrumbList","@id":"https:\/\/portal.estrellagalicia.es\/beermaster\/accesibilidad\/#breadcrumb","itemListElement":[{"@type":"ListItem","position":1,"name":"Portada","item":"https:\/\/portal.estrellagalicia.es\/beermaster\/"},{"@type":"ListItem","position":2,"name":"Accesibilidad"}]}]}},"_links":{"self":[{"href":"https:\/\/portal.estrellagalicia.es\/beermaster\/wp-json\/wp\/v2\/pages\/52"}],"collection":[{"href":"https:\/\/portal.estrellagalicia.es\/beermaster\/wp-json\/wp\/v2\/pages"}],"about":[{"href":"https:\/\/portal.estrellagalicia.es\/beermaster\/wp-json\/wp\/v2\/types\/page"}],"author":[{"embeddable":true,"href":"https:\/\/portal.estrellagalicia.es\/beermaster\/wp-json\/wp\/v2\/users\/2"}],"replies":[{"embeddable":true,"href":"https:\/\/portal.estrellagalicia.es\/beermaster\/wp-json\/wp\/v2\/comments?post=52"}],"version-history":[{"count":6,"href":"https:\/\/portal.estrellagalicia.es\/beermaster\/wp-json\/wp\/v2\/pages\/52\/revisions"}],"predecessor-version":[{"id":995,"href":"https:\/\/portal.estrellagalicia.es\/beermaster\/wp-json\/wp\/v2\/pages\/52\/revisions\/995"}],"wp:attachment":[{"href":"https:\/\/portal.estrellagalicia.es\/beermaster\/wp-json\/wp\/v2\/media?parent=52"}],"curies":[{"name":"wp","href":"https:\/\/api.w.org\/{rel}","templated":true}]}}