{"id":2831,"date":"2022-04-20T16:03:09","date_gmt":"2022-04-20T14:03:09","guid":{"rendered":"https:\/\/estrellagalicia.es\/beermaster\/?page_id=2831"},"modified":"2022-04-20T16:03:11","modified_gmt":"2022-04-20T14:03:11","slug":"trabaja-con-nosotros","status":"publish","type":"page","link":"https:\/\/portal.estrellagalicia.es\/beermaster\/trabaja-con-nosotros\/","title":{"rendered":"Trabaja con nosotros"},"content":{"rendered":"\n<div class=\"wp-block-hacce-wrapper\"><div class=\"container\">\n<div class=\"wp-block-columns\">\n<div class=\"wp-block-column\">\n<h3>\u00bfQUIERES FORMAR PARTE DE NUESTRO EQUIPO?<br><\/h3>\n\n\n\n<p><strong>Buscamos valientes como t\u00fa que se quieran subir a la aventura.<\/strong><\/p>\n\n\n\n<p><strong>Inscr\u00edbete en nuestra nueva p\u00e1gina de Talento, queremos conocerte.&nbsp;<\/strong><\/p>\n\n\n\n<p>Descubre nuestro nuevo Talent Site:<\/p>\n\n\n\n<p><a href=\"https:\/\/subes.hdrivera.com\/\" target=\"_blank\" rel=\"noreferrer noopener\">Subes.hdrivera.com<\/a><\/p>\n\n\n\n<p>Tambi\u00e9n nos puedes seguir y consultar las vacantes en nuestra p\u00e1gina de:<\/p>\n\n\n\n<figure class=\"wp-block-image size-full\"><a href=\"https:\/\/www.linkedin.com\/company\/hijosderivera\/jobs\/\" target=\"_blank\" rel=\"noopener\"><img loading=\"lazy\" width=\"242\" height=\"57\" src=\"https:\/\/estrellagalicia.es\/beermaster\/wp-content\/uploads\/2022\/04\/btn_link.jpg\" alt=\"\" class=\"wp-image-2833\"\/><\/a><\/figure>\n<\/div>\n\n\n\n<div class=\"wp-block-column\">\n<figure class=\"wp-block-image size-full\"><img loading=\"lazy\" width=\"645\" height=\"526\" src=\"https:\/\/estrellagalicia.es\/beermaster\/wp-content\/uploads\/2022\/04\/salto.png\" alt=\"\" class=\"wp-image-2834\" srcset=\"https:\/\/portal.estrellagalicia.es\/beermaster\/wp-content\/uploads\/2022\/04\/salto.png 645w, https:\/\/portal.estrellagalicia.es\/beermaster\/wp-content\/uploads\/2022\/04\/salto-300x245.png 300w, https:\/\/portal.estrellagalicia.es\/beermaster\/wp-content\/uploads\/2022\/04\/salto-400x326.png 400w\" sizes=\"(max-width: 645px) 100vw, 645px\" \/><\/figure>\n<\/div>\n<\/div>\n<\/div><\/div>\n","protected":false},"excerpt":{"rendered":"","protected":false},"author":10,"featured_media":0,"parent":0,"menu_order":0,"comment_status":"closed","ping_status":"closed","template":"","meta":[],"yoast_head":"<!-- This site is optimized with the Yoast SEO plugin v17.2 - https:\/\/yoast.com\/wordpress\/plugins\/seo\/ -->\n<meta name=\"description\" content=\"\u00bfQUIERES FORMAR PARTE DE NUESTRO EQUIPO? Buscamos valientes como t\u00fa que se quieran subir a la aventura. Inscr\u00edbete en nuestra nueva p\u00e1gina de Talento,\" \/>\n<meta name=\"robots\" content=\"index, follow, max-snippet:-1, max-image-preview:large, max-video-preview:-1\" \/>\n<link rel=\"canonical\" href=\"https:\/\/portal.estrellagalicia.es\/beermaster\/trabaja-con-nosotros\/\" \/>\n<meta property=\"og:locale\" content=\"es_ES\" \/>\n<meta property=\"og:type\" content=\"article\" \/>\n<meta property=\"og:title\" content=\"Trabaja con nosotros - Beer Master\" \/>\n<meta property=\"og:description\" content=\"\u00bfQUIERES FORMAR PARTE DE NUESTRO EQUIPO? Buscamos valientes como t\u00fa que se quieran subir a la aventura. Inscr\u00edbete en nuestra nueva p\u00e1gina de Talento,\" \/>\n<meta property=\"og:url\" content=\"https:\/\/portal.estrellagalicia.es\/beermaster\/trabaja-con-nosotros\/\" \/>\n<meta property=\"og:site_name\" content=\"Beer Master\" \/>\n<meta property=\"article:modified_time\" content=\"2022-04-20T14:03:11+00:00\" \/>\n<meta property=\"og:image\" content=\"https:\/\/estrellagalicia.es\/beermaster\/wp-content\/uploads\/2022\/04\/btn_link.jpg\" \/>\n<meta name=\"twitter:card\" content=\"summary\" \/>\n<meta name=\"twitter:label1\" content=\"Tiempo de lectura\" \/>\n\t<meta name=\"twitter:data1\" content=\"1 minuto\" \/>\n<script type=\"application\/ld+json\" class=\"yoast-schema-graph\">{\"@context\":\"https:\/\/schema.org\",\"@graph\":[{\"@type\":\"WebSite\",\"@id\":\"https:\/\/portal.estrellagalicia.es\/beermaster\/#website\",\"url\":\"https:\/\/portal.estrellagalicia.es\/beermaster\/\",\"name\":\"Beer Master\",\"description\":\"\",\"potentialAction\":[{\"@type\":\"SearchAction\",\"target\":{\"@type\":\"EntryPoint\",\"urlTemplate\":\"https:\/\/portal.estrellagalicia.es\/beermaster\/?s={search_term_string}\"},\"query-input\":\"required name=search_term_string\"}],\"inLanguage\":\"es\"},{\"@type\":\"ImageObject\",\"@id\":\"https:\/\/portal.estrellagalicia.es\/beermaster\/trabaja-con-nosotros\/#primaryimage\",\"inLanguage\":\"es\",\"url\":\"https:\/\/estrellagalicia.es\/beermaster\/wp-content\/uploads\/2022\/04\/btn_link.jpg\",\"contentUrl\":\"https:\/\/estrellagalicia.es\/beermaster\/wp-content\/uploads\/2022\/04\/btn_link.jpg\"},{\"@type\":\"WebPage\",\"@id\":\"https:\/\/portal.estrellagalicia.es\/beermaster\/trabaja-con-nosotros\/#webpage\",\"url\":\"https:\/\/portal.estrellagalicia.es\/beermaster\/trabaja-con-nosotros\/\",\"name\":\"Trabaja con nosotros - Beer Master\",\"isPartOf\":{\"@id\":\"https:\/\/portal.estrellagalicia.es\/beermaster\/#website\"},\"primaryImageOfPage\":{\"@id\":\"https:\/\/portal.estrellagalicia.es\/beermaster\/trabaja-con-nosotros\/#primaryimage\"},\"datePublished\":\"2022-04-20T14:03:09+00:00\",\"dateModified\":\"2022-04-20T14:03:11+00:00\",\"description\":\"\\u00bfQUIERES FORMAR PARTE DE NUESTRO EQUIPO? Buscamos valientes como t\\u00fa que se quieran subir a la aventura. Inscr\\u00edbete en nuestra nueva p\\u00e1gina de Talento,\",\"breadcrumb\":{\"@id\":\"https:\/\/portal.estrellagalicia.es\/beermaster\/trabaja-con-nosotros\/#breadcrumb\"},\"inLanguage\":\"es\",\"potentialAction\":[{\"@type\":\"ReadAction\",\"target\":[\"https:\/\/portal.estrellagalicia.es\/beermaster\/trabaja-con-nosotros\/\"]}]},{\"@type\":\"BreadcrumbList\",\"@id\":\"https:\/\/portal.estrellagalicia.es\/beermaster\/trabaja-con-nosotros\/#breadcrumb\",\"itemListElement\":[{\"@type\":\"ListItem\",\"position\":1,\"name\":\"Portada\",\"item\":\"https:\/\/portal.estrellagalicia.es\/beermaster\/\"},{\"@type\":\"ListItem\",\"position\":2,\"name\":\"Trabaja con nosotros\"}]}]}<\/script>\n<!-- \/ Yoast SEO plugin. -->","yoast_head_json":{"description":"\u00bfQUIERES FORMAR PARTE DE NUESTRO EQUIPO? Buscamos valientes como t\u00fa que se quieran subir a la aventura. Inscr\u00edbete en nuestra nueva p\u00e1gina de Talento,","robots":{"index":"index","follow":"follow","max-snippet":"max-snippet:-1","max-image-preview":"max-image-preview:large","max-video-preview":"max-video-preview:-1"},"canonical":"https:\/\/portal.estrellagalicia.es\/beermaster\/trabaja-con-nosotros\/","og_locale":"es_ES","og_type":"article","og_title":"Trabaja con nosotros - Beer Master","og_description":"\u00bfQUIERES FORMAR PARTE DE NUESTRO EQUIPO? Buscamos valientes como t\u00fa que se quieran subir a la aventura. Inscr\u00edbete en nuestra nueva p\u00e1gina de Talento,","og_url":"https:\/\/portal.estrellagalicia.es\/beermaster\/trabaja-con-nosotros\/","og_site_name":"Beer Master","article_modified_time":"2022-04-20T14:03:11+00:00","og_image":[{"url":"https:\/\/estrellagalicia.es\/beermaster\/wp-content\/uploads\/2022\/04\/btn_link.jpg"}],"twitter_card":"summary","twitter_misc":{"Tiempo de lectura":"1 minuto"},"schema":{"@context":"https:\/\/schema.org","@graph":[{"@type":"WebSite","@id":"https:\/\/portal.estrellagalicia.es\/beermaster\/#website","url":"https:\/\/portal.estrellagalicia.es\/beermaster\/","name":"Beer Master","description":"","potentialAction":[{"@type":"SearchAction","target":{"@type":"EntryPoint","urlTemplate":"https:\/\/portal.estrellagalicia.es\/beermaster\/?s={search_term_string}"},"query-input":"required name=search_term_string"}],"inLanguage":"es"},{"@type":"ImageObject","@id":"https:\/\/portal.estrellagalicia.es\/beermaster\/trabaja-con-nosotros\/#primaryimage","inLanguage":"es","url":"https:\/\/estrellagalicia.es\/beermaster\/wp-content\/uploads\/2022\/04\/btn_link.jpg","contentUrl":"https:\/\/estrellagalicia.es\/beermaster\/wp-content\/uploads\/2022\/04\/btn_link.jpg"},{"@type":"WebPage","@id":"https:\/\/portal.estrellagalicia.es\/beermaster\/trabaja-con-nosotros\/#webpage","url":"https:\/\/portal.estrellagalicia.es\/beermaster\/trabaja-con-nosotros\/","name":"Trabaja con nosotros - Beer Master","isPartOf":{"@id":"https:\/\/portal.estrellagalicia.es\/beermaster\/#website"},"primaryImageOfPage":{"@id":"https:\/\/portal.estrellagalicia.es\/beermaster\/trabaja-con-nosotros\/#primaryimage"},"datePublished":"2022-04-20T14:03:09+00:00","dateModified":"2022-04-20T14:03:11+00:00","description":"\u00bfQUIERES FORMAR PARTE DE NUESTRO EQUIPO? Buscamos valientes como t\u00fa que se quieran subir a la aventura. Inscr\u00edbete en nuestra nueva p\u00e1gina de Talento,","breadcrumb":{"@id":"https:\/\/portal.estrellagalicia.es\/beermaster\/trabaja-con-nosotros\/#breadcrumb"},"inLanguage":"es","potentialAction":[{"@type":"ReadAction","target":["https:\/\/portal.estrellagalicia.es\/beermaster\/trabaja-con-nosotros\/"]}]},{"@type":"BreadcrumbList","@id":"https:\/\/portal.estrellagalicia.es\/beermaster\/trabaja-con-nosotros\/#breadcrumb","itemListElement":[{"@type":"ListItem","position":1,"name":"Portada","item":"https:\/\/portal.estrellagalicia.es\/beermaster\/"},{"@type":"ListItem","position":2,"name":"Trabaja con nosotros"}]}]}},"_links":{"self":[{"href":"https:\/\/portal.estrellagalicia.es\/beermaster\/wp-json\/wp\/v2\/pages\/2831"}],"collection":[{"href":"https:\/\/portal.estrellagalicia.es\/beermaster\/wp-json\/wp\/v2\/pages"}],"about":[{"href":"https:\/\/portal.estrellagalicia.es\/beermaster\/wp-json\/wp\/v2\/types\/page"}],"author":[{"embeddable":true,"href":"https:\/\/portal.estrellagalicia.es\/beermaster\/wp-json\/wp\/v2\/users\/10"}],"replies":[{"embeddable":true,"href":"https:\/\/portal.estrellagalicia.es\/beermaster\/wp-json\/wp\/v2\/comments?post=2831"}],"version-history":[{"count":2,"href":"https:\/\/portal.estrellagalicia.es\/beermaster\/wp-json\/wp\/v2\/pages\/2831\/revisions"}],"predecessor-version":[{"id":2835,"href":"https:\/\/portal.estrellagalicia.es\/beermaster\/wp-json\/wp\/v2\/pages\/2831\/revisions\/2835"}],"wp:attachment":[{"href":"https:\/\/portal.estrellagalicia.es\/beermaster\/wp-json\/wp\/v2\/media?parent=2831"}],"curies":[{"name":"wp","href":"https:\/\/api.w.org\/{rel}","templated":true}]}}