{"id":1106,"date":"2015-08-14T09:05:57","date_gmt":"2015-08-14T07:05:57","guid":{"rendered":"https:\/\/estrellagalicia.es\/beermaster\/?page_id=1106"},"modified":"2021-10-25T15:41:19","modified_gmt":"2021-10-25T13:41:19","slug":"politica-de-cookies","status":"publish","type":"page","link":"https:\/\/portal.estrellagalicia.es\/beermaster\/politica-de-cookies\/","title":{"rendered":"Pol\u00edtica de cookies"},"content":{"rendered":"<p>Una cookie es un fichero que se descarga en el dispositivo del usuario al acceder a determinadas p\u00e1ginas web para almacenar y recuperar informaci\u00f3n<br \/>\nsobre la navegaci\u00f3n que se efect\u00faa desde dicho equipo.<\/p>\n<p>En este sitio web se utilizan las siguientes cookies que se detallan a continuaci\u00f3n:<\/p>\n<table border=\"0\" width=\"740\" cellspacing=\"0\" cellpadding=\"0\">\n<tbody>\n<tr>\n<td><\/td>\n<td>Nombre<\/td>\n<td>Finalidad<\/td>\n<td>Proveedor<\/td>\n<\/tr>\n<tr>\n<td rowspan=\"3\">COOKIES PROPIAS<\/td>\n<td>catAccCookies<\/td>\n<td>Aceptaci\u00f3n cookies<\/td>\n<td>Hijos de Rivera<\/td>\n<\/tr>\n<tr>\n<td>mas18cokie<\/td>\n<td>Muro de edad<\/td>\n<td>Hijos de Rivera<\/td>\n<\/tr>\n<tr>\n<td>PHPSESSID<\/td>\n<td>Sesi\u00f3n de usuario<\/td>\n<td>Hijos de Rivera<\/td>\n<\/tr>\n<tr>\n<td rowspan=\"4\">COOKIES DE TERCEROS<\/td>\n<td>_ga_<\/td>\n<td rowspan=\"4\">Anal\u00edtica<\/td>\n<td rowspan=\"4\">Google<\/td>\n<\/tr>\n<tr>\n<td>_gat_<\/td>\n<\/tr>\n<tr>\n<td>_gid_<\/td>\n<\/tr>\n<tr>\n<td>_dc_gtm<\/td>\n<\/tr>\n<\/tbody>\n<\/table>\n<p>Para desactivar el uso de las cookies o modificar su configuraci\u00f3n debe acceder a la onfiguraci\u00f3n de su navegador web. Adjuntamos, a modo informativo, link a la documentaci\u00f3n de los navegadores m\u00e1s frecuentemente utilizados. Los datos de navegaci\u00f3n de Google Analytics se conservar\u00e1n<br \/>\nmanteniendo el hist\u00f3rico.<\/p>\n<ul type=\"disc\">\n<li>Internet Explorer: Pinchando <a href=\"http:\/\/windows.microsoft.com\/es-ES\/windows7\/How-to-manage-cookies-in-Internet-Explorer-9\">aqu\u00ed<\/a><\/li>\n<li>Chrome: Pinchando <a href=\"https:\/\/support.google.com\/chrome\/answer\/95647?hl=es\">aqu\u00ed<\/a><\/li>\n<li>Mozilla Firefox: Pinchando <a href=\"http:\/\/support.mozilla.org\/es\/kb\/habilitar-y-deshabilitar-cookies-que-los-sitios-we?e=es&amp;redirectlocale=es&amp;as=s7&amp;s=cookie&amp;r=1&amp;redirectslug=Habilitar+y+deshabilitar+cookies\">aqu\u00ed<\/a><\/li>\n<li>Apple Safari: Pinchando <a href=\"http:\/\/support.apple.com\/kb\/ph5042\">aqu\u00ed<\/a><\/li>\n<\/ul>\n","protected":false},"excerpt":{"rendered":"<p>Una cookie es un fichero que se descarga en el dispositivo del usuario al acceder a determinadas p\u00e1ginas web para almacenar y recuperar informaci\u00f3n sobre la navegaci\u00f3n que se efect\u00faa desde dicho equipo. En este sitio web se utilizan las siguientes cookies que se detallan a continuaci\u00f3n: Nombre Finalidad Proveedor COOKIES PROPIAS catAccCookies Aceptaci\u00f3n cookies [&hellip;]<\/p>\n","protected":false},"author":2,"featured_media":0,"parent":0,"menu_order":0,"comment_status":"closed","ping_status":"closed","template":"","meta":[],"yoast_head":"<!-- This site is optimized with the Yoast SEO plugin v17.2 - https:\/\/yoast.com\/wordpress\/plugins\/seo\/ -->\n<meta name=\"description\" content=\"Una cookie es un fichero que se descarga en el dispositivo del usuario al acceder a determinadas p\u00e1ginas web para almacenar y recuperar informaci\u00f3n sobre\" \/>\n<meta name=\"robots\" content=\"index, follow, max-snippet:-1, max-image-preview:large, max-video-preview:-1\" \/>\n<link rel=\"canonical\" href=\"https:\/\/portal.estrellagalicia.es\/beermaster\/politica-de-cookies\/\" \/>\n<meta property=\"og:locale\" content=\"es_ES\" \/>\n<meta property=\"og:type\" content=\"article\" \/>\n<meta property=\"og:title\" content=\"Pol\u00edtica de cookies - Beer Master\" \/>\n<meta property=\"og:description\" content=\"Una cookie es un fichero que se descarga en el dispositivo del usuario al acceder a determinadas p\u00e1ginas web para almacenar y recuperar informaci\u00f3n sobre\" \/>\n<meta property=\"og:url\" content=\"https:\/\/portal.estrellagalicia.es\/beermaster\/politica-de-cookies\/\" \/>\n<meta property=\"og:site_name\" content=\"Beer Master\" \/>\n<meta property=\"article:modified_time\" content=\"2021-10-25T13:41:19+00:00\" \/>\n<meta name=\"twitter:card\" content=\"summary\" \/>\n<meta name=\"twitter:label1\" content=\"Tiempo de lectura\" \/>\n\t<meta name=\"twitter:data1\" content=\"1 minuto\" \/>\n<script type=\"application\/ld+json\" class=\"yoast-schema-graph\">{\"@context\":\"https:\/\/schema.org\",\"@graph\":[{\"@type\":\"WebSite\",\"@id\":\"https:\/\/portal.estrellagalicia.es\/beermaster\/#website\",\"url\":\"https:\/\/portal.estrellagalicia.es\/beermaster\/\",\"name\":\"Beer Master\",\"description\":\"\",\"potentialAction\":[{\"@type\":\"SearchAction\",\"target\":{\"@type\":\"EntryPoint\",\"urlTemplate\":\"https:\/\/portal.estrellagalicia.es\/beermaster\/?s={search_term_string}\"},\"query-input\":\"required name=search_term_string\"}],\"inLanguage\":\"es\"},{\"@type\":\"WebPage\",\"@id\":\"https:\/\/portal.estrellagalicia.es\/beermaster\/politica-de-cookies\/#webpage\",\"url\":\"https:\/\/portal.estrellagalicia.es\/beermaster\/politica-de-cookies\/\",\"name\":\"Pol\\u00edtica de cookies - Beer Master\",\"isPartOf\":{\"@id\":\"https:\/\/portal.estrellagalicia.es\/beermaster\/#website\"},\"datePublished\":\"2015-08-14T07:05:57+00:00\",\"dateModified\":\"2021-10-25T13:41:19+00:00\",\"description\":\"Una cookie es un fichero que se descarga en el dispositivo del usuario al acceder a determinadas p\\u00e1ginas web para almacenar y recuperar informaci\\u00f3n sobre\",\"breadcrumb\":{\"@id\":\"https:\/\/portal.estrellagalicia.es\/beermaster\/politica-de-cookies\/#breadcrumb\"},\"inLanguage\":\"es\",\"potentialAction\":[{\"@type\":\"ReadAction\",\"target\":[\"https:\/\/portal.estrellagalicia.es\/beermaster\/politica-de-cookies\/\"]}]},{\"@type\":\"BreadcrumbList\",\"@id\":\"https:\/\/portal.estrellagalicia.es\/beermaster\/politica-de-cookies\/#breadcrumb\",\"itemListElement\":[{\"@type\":\"ListItem\",\"position\":1,\"name\":\"Portada\",\"item\":\"https:\/\/portal.estrellagalicia.es\/beermaster\/\"},{\"@type\":\"ListItem\",\"position\":2,\"name\":\"Pol\\u00edtica de cookies\"}]}]}<\/script>\n<!-- \/ Yoast SEO plugin. -->","yoast_head_json":{"description":"Una cookie es un fichero que se descarga en el dispositivo del usuario al acceder a determinadas p\u00e1ginas web para almacenar y recuperar informaci\u00f3n sobre","robots":{"index":"index","follow":"follow","max-snippet":"max-snippet:-1","max-image-preview":"max-image-preview:large","max-video-preview":"max-video-preview:-1"},"canonical":"https:\/\/portal.estrellagalicia.es\/beermaster\/politica-de-cookies\/","og_locale":"es_ES","og_type":"article","og_title":"Pol\u00edtica de cookies - Beer Master","og_description":"Una cookie es un fichero que se descarga en el dispositivo del usuario al acceder a determinadas p\u00e1ginas web para almacenar y recuperar informaci\u00f3n sobre","og_url":"https:\/\/portal.estrellagalicia.es\/beermaster\/politica-de-cookies\/","og_site_name":"Beer Master","article_modified_time":"2021-10-25T13:41:19+00:00","twitter_card":"summary","twitter_misc":{"Tiempo de lectura":"1 minuto"},"schema":{"@context":"https:\/\/schema.org","@graph":[{"@type":"WebSite","@id":"https:\/\/portal.estrellagalicia.es\/beermaster\/#website","url":"https:\/\/portal.estrellagalicia.es\/beermaster\/","name":"Beer Master","description":"","potentialAction":[{"@type":"SearchAction","target":{"@type":"EntryPoint","urlTemplate":"https:\/\/portal.estrellagalicia.es\/beermaster\/?s={search_term_string}"},"query-input":"required name=search_term_string"}],"inLanguage":"es"},{"@type":"WebPage","@id":"https:\/\/portal.estrellagalicia.es\/beermaster\/politica-de-cookies\/#webpage","url":"https:\/\/portal.estrellagalicia.es\/beermaster\/politica-de-cookies\/","name":"Pol\u00edtica de cookies - Beer Master","isPartOf":{"@id":"https:\/\/portal.estrellagalicia.es\/beermaster\/#website"},"datePublished":"2015-08-14T07:05:57+00:00","dateModified":"2021-10-25T13:41:19+00:00","description":"Una cookie es un fichero que se descarga en el dispositivo del usuario al acceder a determinadas p\u00e1ginas web para almacenar y recuperar informaci\u00f3n sobre","breadcrumb":{"@id":"https:\/\/portal.estrellagalicia.es\/beermaster\/politica-de-cookies\/#breadcrumb"},"inLanguage":"es","potentialAction":[{"@type":"ReadAction","target":["https:\/\/portal.estrellagalicia.es\/beermaster\/politica-de-cookies\/"]}]},{"@type":"BreadcrumbList","@id":"https:\/\/portal.estrellagalicia.es\/beermaster\/politica-de-cookies\/#breadcrumb","itemListElement":[{"@type":"ListItem","position":1,"name":"Portada","item":"https:\/\/portal.estrellagalicia.es\/beermaster\/"},{"@type":"ListItem","position":2,"name":"Pol\u00edtica de cookies"}]}]}},"_links":{"self":[{"href":"https:\/\/portal.estrellagalicia.es\/beermaster\/wp-json\/wp\/v2\/pages\/1106"}],"collection":[{"href":"https:\/\/portal.estrellagalicia.es\/beermaster\/wp-json\/wp\/v2\/pages"}],"about":[{"href":"https:\/\/portal.estrellagalicia.es\/beermaster\/wp-json\/wp\/v2\/types\/page"}],"author":[{"embeddable":true,"href":"https:\/\/portal.estrellagalicia.es\/beermaster\/wp-json\/wp\/v2\/users\/2"}],"replies":[{"embeddable":true,"href":"https:\/\/portal.estrellagalicia.es\/beermaster\/wp-json\/wp\/v2\/comments?post=1106"}],"version-history":[{"count":10,"href":"https:\/\/portal.estrellagalicia.es\/beermaster\/wp-json\/wp\/v2\/pages\/1106\/revisions"}],"predecessor-version":[{"id":2776,"href":"https:\/\/portal.estrellagalicia.es\/beermaster\/wp-json\/wp\/v2\/pages\/1106\/revisions\/2776"}],"wp:attachment":[{"href":"https:\/\/portal.estrellagalicia.es\/beermaster\/wp-json\/wp\/v2\/media?parent=1106"}],"curies":[{"name":"wp","href":"https:\/\/api.w.org\/{rel}","templated":true}]}}